{"id":3053,"date":"2025-06-20T13:19:49","date_gmt":"2025-06-20T13:19:49","guid":{"rendered":"https:\/\/alarm-zone.pl\/?post_type=product&#038;p=3053"},"modified":"2026-01-01T12:59:37","modified_gmt":"2026-01-01T12:59:37","slug":"centrala-alarmowa-tuya-smart-p70-4g-lora","status":"publish","type":"product","link":"https:\/\/alarm-zone.pl\/index.php\/produkt\/centrala-alarmowa-tuya-smart-p70-4g-lora\/","title":{"rendered":"Centrala alarmowa Tuya Smart P70-4G LoRa"},"content":{"rendered":"<p><a href=\"https:\/\/alarm-zone.pl\/wp-content\/uploads\/2025\/06\/Centrala-P70-LoRa.jpg\"><img fetchpriority=\"high\" decoding=\"async\" class=\"alignnone wp-image-3054 \" src=\"https:\/\/alarm-zone.pl\/wp-content\/uploads\/2025\/06\/Centrala-P70-LoRa.jpg\" alt=\"\" width=\"745\" height=\"234\" srcset=\"https:\/\/alarm-zone.pl\/wp-content\/uploads\/2025\/06\/Centrala-P70-LoRa.jpg 1180w, https:\/\/alarm-zone.pl\/wp-content\/uploads\/2025\/06\/Centrala-P70-LoRa-300x94.jpg 300w, https:\/\/alarm-zone.pl\/wp-content\/uploads\/2025\/06\/Centrala-P70-LoRa-1024x321.jpg 1024w, https:\/\/alarm-zone.pl\/wp-content\/uploads\/2025\/06\/Centrala-P70-LoRa-768x241.jpg 768w, https:\/\/alarm-zone.pl\/wp-content\/uploads\/2025\/06\/Centrala-P70-LoRa-600x188.jpg 600w\" sizes=\"(max-width: 745px) 100vw, 745px\" \/><\/a><\/p>\n<h3><\/h3>\n<h3 style=\"text-align: center;\"><span style=\"color: #ff0000;\"><strong>CENTRALA ALARMOWA P70-4G LoRa<\/strong><\/span><\/h3>\n<p style=\"text-align: center;\"><span style=\"color: #0000ff;\"><strong>NAJWY\u017bSZA JAKO\u015a\u0106 W\u015aR\u00d3D SYSTEM\u00d3W ALARMOWYCH TUYA SMART<\/strong><\/span><\/p>\n<p>&nbsp;<\/p>\n<p>Centrala alarmowa P70-4G LoRa pozwoli Tobie stworzy\u0107 profesjonalny system alarmowy, kt\u00f3ry zabezpieczy w pe\u0142ni Tw\u00f3j dom, sklep, magazyn, gara\u017c i inne obiekty, gdzie istnieje ryzyko w\u0142amania, czy te\u017c w system informuj\u0105cy o dymie, czadzie, wodzie lub gazie.<\/p>\n<p>&nbsp;<\/p>\n<p><img decoding=\"async\" class=\"wp-image-1333 size-full aligncenter\" src=\"https:\/\/alarm-zone.pl\/wp-content\/uploads\/2024\/03\/TuyaSmartWi-FI2.webp\" alt=\"\" width=\"600\" height=\"400\" srcset=\"https:\/\/alarm-zone.pl\/wp-content\/uploads\/2024\/03\/TuyaSmartWi-FI2.webp 600w, https:\/\/alarm-zone.pl\/wp-content\/uploads\/2024\/03\/TuyaSmartWi-FI2-300x200.webp 300w\" sizes=\"(max-width: 600px) 100vw, 600px\" \/><\/p>\n<h3><\/h3>\n<p><strong>Zalety centali P70-4G LoRa<\/strong><\/p>\n<ul>\n<li>Bardzo proste sterowanie dzi\u0119ki zintegrowaniu z aplikacj\u0105\u00a0<strong>TUYA SMART\u00a0lub Smart Life &#8211; Smart Living,<\/strong><\/li>\n<\/ul>\n<ul>\n<li><strong>NOWO\u015a\u0106<\/strong> &#8211; wbudowany modu\u0142 LoRa. Pozwala to na uzyskanie jeszcze wi\u0119kszych zasi\u0119g\u00f3w w po\u0142\u0105czeniu z asortymentem LoRa oraz wi\u0119ksze zabezpieczenie na wszelkiego rodzaju pr\u00f3by zak\u0142\u00f3cenia pracy\/sygna\u0142u pomi\u0119dzy central\u0105, a czujnikami LoRa.<\/li>\n<\/ul>\n<ul>\n<li><strong>NOWO\u015a\u0106<\/strong> &#8211; centrala wsp\u00f3\u0142pracuje zar\u00f3wno z czujnikami LoRa, jak i czujnikami 433 MHz<\/li>\n<\/ul>\n<ul>\n<li><strong>NOWO\u015a\u0106-\u00a0<\/strong>funkcja informowania o niezamkni\u0119tych drzwiach lub oknach w momencie uzbrojenia alarmu,<\/li>\n<\/ul>\n<ul>\n<li><strong>NOWO\u015a\u0106-\u00a0<\/strong>czytelny, dotykowy wy\u015bwietlacz IPS bez zostawiania odcisk\u00f3w palc\u00f3w o przek\u0105tnej\u00a07 cala,<\/li>\n<\/ul>\n<ul>\n<li><strong>NOWO\u015a\u0106-\u00a0<\/strong>funkcja informowania poprzez aplikacj\u0119 mobiln\u0105 o niskim stanie baterii czujnik\u00f3w,<\/li>\n<\/ul>\n<ul>\n<li><strong>NOWO\u015a\u0106-<\/strong>\u00a0Informacja o alarmie poprzez aplikacj\u0119 Tuya Smart\/Smart Life, poprzez SMS-a, poprzez po\u0142\u0105czenie telefoniczne,<\/li>\n<\/ul>\n<ul>\n<li><strong>NOWO\u015a\u0106-<\/strong>\u00a0Mo\u017cliwo\u015b\u0107 wykonywania po\u0142\u0105czenia telefonicznego,<\/li>\n<\/ul>\n<ul>\n<li><strong>NOWO\u015a\u0106 &#8211;<\/strong> Wbudowana syrena i brz\u0119czyk, a dodatkowo wbudowany transmiter do bezprzewodowego po\u0142\u0105czenia z zewn\u0119trznymi i wewn\u0119trznymi dodatkowymi syrenami,<\/li>\n<\/ul>\n<ul>\n<li>Menu i komendy w j\u0119zyku polskim &#8211; zar\u00f3wno aplikacja, jak i centrala obs\u0142ugiwane s\u0105 w j\u0119zyku polskim,<\/li>\n<\/ul>\n<ul>\n<li>Mo\u017cliwo\u015b\u0107 rozbrajania\/uzbrajania alarmu za pomoc\u0105 pilota, a tak\u017ce poprzez wiadomo\u015bci SMS i aplikacj\u0119 mobiln\u0105 TUYA SMART,<\/li>\n<\/ul>\n<ul>\n<li>Mo\u017cliwo\u015b\u0107 pod\u0142\u0105czenia a\u017c 99 stref bezprzewodowych oraz 8 stref przewodowych kontaktron\u00f3w,<\/li>\n<li>Mo\u017cliwo\u015b\u0107 po\u0142\u0105czenia bezprzewodowej klawiatury numerycznej z brelokami RF ID,<\/li>\n<li>Mo\u017cliwo\u015b\u0107 po\u0142\u0105czenia bezprzewodowego dzwonka do drzwi,<\/li>\n<li>Powiadomienia SMS i &#8222;push alarm&#8221; na aplikacji w przypadku braku zasilania,<\/li>\n<li>Wbudowany akumulator podtrzymuj\u0105cy prac\u0119 zestawy przez kilka godzin po odci\u0119ciu zasilania<\/li>\n<li>Funkcja SOS \u2013 antynapadowa &#8211; zawsze mo\u017cesz powiadomi\u0107 rodzin\u0119, znajomych i zagro\u017ceniu w jakim si\u0119 znalaz\u0142e\u015b,<\/li>\n<li>Mo\u017cliwo\u015b\u0107 ustawienia op\u00f3\u017anienia wej\u015bcia oraz wyj\u015bcia,<\/li>\n<li>3\u00a0tryby\u00a0stref uzbrojenia (Tryb\u00a024h\u00a0na dob\u0119, Tryb domowy, oraz Tryb poza domem),<\/li>\n<li>Czytelny kolorowy\u00a07 calowy w pe\u0142ni dotykowy wy\u015bwietlacz IPS o rozdzielczo\u015bci 1024x600px,<\/li>\n<li>Bardzo prosta instalacja i\u00a0monta\u017c &#8211; nie wymaga specjalistycznej wiedzy, jest prosty w programowaniu i u\u017cytkowaniu &#8211; wszystkiego mo\u017cesz dokona\u0107 poprzez aplikacj\u0119,<\/li>\n<li>Menu, komunikaty g\u0142osowe, powiadomienia oraz instrukcje s\u0105 w j\u0119zyku polskim,<\/li>\n<li>Zdalne sterowanie za pomoc\u0105 aplikacji mobilnej dedykowanej na systemy Android oraz iOS &#8211; TUYA SMART,<\/li>\n<li>Pob\u00f3r pr\u0105du podczas pracy poni\u017cej 5W,<\/li>\n<li>Wbudowany akumulator podtrzymuj\u0105cy prac\u0119 podczas zaniku napi\u0119cia &#8211;\u00a0 czuwanie a\u017c do 24 h bez pr\u0105du z sieci,<\/li>\n<li>OTA &#8211; darmowe aktualizacj\u0119 systemu online,<\/li>\n<\/ul>\n<p><img decoding=\"async\" class=\"aligncenter wp-image-1335 size-full\" src=\"https:\/\/alarm-zone.pl\/wp-content\/uploads\/2024\/03\/TuyaSmartWi-FI3.webp\" alt=\"\" width=\"600\" height=\"810\" srcset=\"https:\/\/alarm-zone.pl\/wp-content\/uploads\/2024\/03\/TuyaSmartWi-FI3.webp 600w, https:\/\/alarm-zone.pl\/wp-content\/uploads\/2024\/03\/TuyaSmartWi-FI3-222x300.webp 222w\" sizes=\"(max-width: 600px) 100vw, 600px\" \/><\/p>\n<p>&nbsp;<\/p>\n<p><strong>Bezproblemowy\u00a0monta\u017c systemu<\/strong><\/p>\n<p>Mo\u017cliwo\u015b\u0107 po\u0142\u0105czenia\u00a0bezprzewodowych czujnik\u00f3w pozwala na szybk\u0105 i sprawn\u0105 instalacj\u0119 systemu, poniewa\u017c nie trzeba przeprowadza\u0107 przez mieszkanie dodatkowego okablowania. Ponadto wygl\u0105d centrali oraz jej kompaktowe wymiary pozwol\u0105 na wkomponowanie urz\u0105dzenia w ka\u017cdy wystr\u00f3j pomieszczenia.<\/p>\n<p>&nbsp;<\/p>\n<p><strong>Intuicyjna obs\u0142uga urz\u0105dzenia<\/strong><\/p>\n<p>Central\u0119 P70-4G LoRa mo\u017cna rozbraja\u0107\/uzbraja\u0107 z poziomu panelu dotykowego, pilot\u00f3w, brelok\u00f3w RFID(przy zastosowaniu dodatkowej klawiatury bezprzewodowej), zdalnie za pomoc\u0105 aplikacji mobilnej TUYA SMART oraz wiadomo\u015bci SMS. Instalacja oraz programowanie jest bardzo proste.<\/p>\n<p>&nbsp;<\/p>\n<p><img loading=\"lazy\" decoding=\"async\" class=\"aligncenter wp-image-1336 size-full\" src=\"https:\/\/alarm-zone.pl\/wp-content\/uploads\/2024\/03\/TuyaSmartWi-FI1.webp\" alt=\"\" width=\"600\" height=\"437\" srcset=\"https:\/\/alarm-zone.pl\/wp-content\/uploads\/2024\/03\/TuyaSmartWi-FI1.webp 600w, https:\/\/alarm-zone.pl\/wp-content\/uploads\/2024\/03\/TuyaSmartWi-FI1-300x219.webp 300w\" sizes=\"(max-width: 600px) 100vw, 600px\" \/><\/p>\n<div class=\"mpof_ki myre_zn myre_8v_l _0d3bd_YrWCD\">\n<div class=\"mp4t_16_s mryx_16_s mr3m_1 mli2_1 mh85_56 mh85_0_l\">\n<div class=\"mgn2_16 _0d3bd_5pK0q\">\n<p>&nbsp;<\/p>\n<p><strong>Zdalne sterowanie alarmem &#8211; aplikacja TUYA<\/strong><\/p>\n<p>Wyjecha\u0142e\u015b na d\u0142ugi urlop i zapomnia\u0142e\u015b uzbroi\u0107 system alarmowy? Nic nie szkodzi!\u00a0 Kontrol\u0119 nad urz\u0105dzeniem mo\u017cesz mie\u0107 na wyci\u0105gni\u0119cie r\u0119ki, dzi\u0119ki zastosowaniu<strong>\u00a0zaawansowanej aplikacji mobilnej<\/strong>\u00a0TUYA SMART\u00a0dost\u0119pnej na telefony z systemem\u00a0<strong>Android oraz iOS.<\/strong><\/p>\n<p>Do aplikacji\u00a0<strong>Tuya<\/strong>\u00a0mo\u017cesz pod\u0142\u0105czy\u0107 wiele innych urz\u0105dze\u0144 od r\u00f3\u017cnych producent\u00f3w, m.in.: o\u015bwietlenie, zasilanie, smart AGD i RTV, systemy alarmowe, monitoring, routery, itp., kt\u00f3rymi mo\u017cesz sterowa\u0107 gdziekolwiek jeste\u015b, za pomoc\u0105 jednego urz\u0105dzenia &#8211; Twojego telefonu! Wybieraj\u0105c produkty kompatybilne z systemem Tuya mo\u017cesz stworzy\u0107 inteligentny SMART DOM.<\/p>\n<p><strong>Aplikacja Smart Life\u00a0<\/strong>mo\u017ce sta\u0107 si\u0119 Twoim osobistym centrum dowodzenia &#8211; obs\u0142uguje komunikaty g\u0142osowe za pomoc\u0105 za pomoc\u0105 Amazon Alexa, Google Home (Google Assistant) lub IFTTT. Ponadto wszystkie powiadomienia wy\u015bwietla w czasie rzeczywistym, dlatego mo\u017cesz by\u0107 na bie\u017c\u0105co z sytuacj\u0105 panuj\u0105c\u0105 w Twoim domu, mieszkaniu lub biurze. Aplikacja mo\u017ce obs\u0142u\u017cy\u0107 wielu u\u017cytkownik\u00f3w, kt\u00f3rym b\u0119dziesz m\u00f3g\u0142 nada\u0107 odpowiednie uprawnienia, dzi\u0119ki temu Twoja rodzina, wsp\u00f3\u0142lokatorzy lub wsp\u00f3\u0142pracownicy r\u00f3wnie\u017c b\u0119d\u0105 mogli otrzymywa\u0107 powiadomienia i zarz\u0105dza\u0107 systemem alarmowym. Kolejnym atutem tej aplikacji jest mo\u017cliwo\u015b\u0107 podzielenia urz\u0105dze\u0144 na pomieszczenia (np. kuchnia, sypialnia, pok\u00f3j dzienny) oraz grupowanie urz\u0105dze\u0144, co pozwoli na szybsze uruchomienie np. wszystkich \u017car\u00f3wek.<\/p>\n<\/div>\n<\/div>\n<\/div>\n<div class=\"mpof_ki myre_zn myre_8v_l _0d3bd_YrWCD\">\n<div class=\"mp4t_16_s mryx_16_s mr3m_1 mli2_1 mh85_56 mh85_0_l\">\n<div class=\"mgn2_16 _0d3bd_5pK0q\">\n<p><strong>Powiadomienia na telefon<\/strong><\/p>\n<p>U\u017cytkownik systemu alarmowego P70-4G LoRa zostanie poinformowany o ka\u017cdym zdarzeniu alarmowym poprzez wiadomo\u015b\u0107 SMS i\/lub po\u0142\u0105czenie telefoniczne.<\/p>\n<p><strong>Zdalne sterowanie<\/strong><\/p>\n<p>Centrala zosta\u0142a wyposa\u017cona w modu\u0142y Wi-Fi oraz GSM, dlatego sterowanie urz\u0105dzeniem jest mo\u017cliwe z ka\u017cdego miejsca na ziemi i o ka\u017cdej porze. Sterowanie zdalne odbywa si\u0119 za pomoc\u0105 wiadomo\u015bci SMS lub aplikacji mobilnej dost\u0119pnej na urz\u0105dzenia z systemem Android lub iOS.<\/p>\n<\/div>\n<\/div>\n<div class=\"mp4t_16_s mryx_16_s mr3m_1 mli2_1 mh85_56 mh85_0_l\">\n<div class=\"mg9e_8 mg9e_0_s mvrt_0_s mj7a_8 mj7a_0_s mh36_0_s mzmg_6m munh_16_l m3h2_16_l\">\n<div class=\"mp4t_0 mryx_0 munh_56 m3h2_56\">\n<div class=\"mp7g_oh\"><\/div>\n<\/div>\n<\/div>\n<\/div>\n<\/div>\n<div class=\"mpof_ki myre_zn myre_8v_l _0d3bd_YrWCD\">\n<div class=\"mp4t_16_s mryx_16_s mr3m_1 mli2_1 mh85_56 mh85_0_l\">\n<div class=\"mgn2_16 _0d3bd_5pK0q\">\n<p><strong>Funkcja antynapadowa<\/strong><\/p>\n<p>Centrala alarmowa P70-4G LoRa oraz piloty steruj\u0105ce zosta\u0142y wyposa\u017cone w przyciski SOS, kt\u00f3rymi mo\u017cna wywo\u0142a\u0107 alarm bez naruszania stref bezpiecze\u0144stwa.<\/p>\n<p><strong>Op\u00f3\u017anienie wyj\u015bcia<\/strong><\/p>\n<p>W centrali mo\u017cna ustawi\u0107 czas op\u00f3\u017aniaj\u0105cy uzbrojenie systemu, dzi\u0119ki czemu po uzbrojeniu alarmu, zabezpieczony obiekt mo\u017cna swobodnie opu\u015bci\u0107 bez naruszania stref bezpiecze\u0144stwa.<\/p>\n<p><strong>Awaryjne zasilanie<\/strong><\/p>\n<p>Alarm posiada wbudowany akumulator 5000 mAh, kt\u00f3ry zapewni podtrzymanie\u00a0czuwania urz\u0105dzenia w przypadku braku zasilania sieciowego (do ok 24h).<\/p>\n<p>&nbsp;<\/p>\n<\/div>\n<\/div>\n<\/div>\n<p><img loading=\"lazy\" decoding=\"async\" class=\"aligncenter wp-image-1337 size-full\" src=\"https:\/\/alarm-zone.pl\/wp-content\/uploads\/2024\/03\/TuyaSmartWi-FI4.webp\" alt=\"\" width=\"600\" height=\"762\" srcset=\"https:\/\/alarm-zone.pl\/wp-content\/uploads\/2024\/03\/TuyaSmartWi-FI4.webp 600w, https:\/\/alarm-zone.pl\/wp-content\/uploads\/2024\/03\/TuyaSmartWi-FI4-236x300.webp 236w\" sizes=\"(max-width: 600px) 100vw, 600px\" \/><\/p>\n<p>&nbsp;<\/p>\n<p><strong>PODZIA\u0141 CZUJNIK\u00d3W NA STREFY<\/strong><\/p>\n<p><strong>3 tryby stref bezpiecze\u0144stwa<\/strong><\/p>\n<p>Strefy bezpiecze\u0144stwa mo\u017cna zaprogramowa\u0107 w trzech trybach, kt\u00f3re pozwol\u0105 na to, aby tylko cz\u0119\u015b\u0107 czujnik\u00f3w by\u0142a aktywna. Strefa aktywna 24h\/Pilna \u2013 czujniki b\u0119d\u0105 dzia\u0142a\u0107 przez 24h na dob\u0119 bez wzgl\u0119du na to czy system jest uzbrojony, czy te\u017c rozbrojony oraz strefa wewn\u0119trzna (tzw. strefa swobodnego poruszania si\u0119) i strefa zewn\u0119trzna \u2013 w kt\u00f3rej wszystkie czujniki s\u0105 aktywne. Strefa wewn\u0119trzna pozwala m.in. na swobodne poruszanie si\u0119 po mieszkaniu\/domu, poniewa\u017c czujniki ruchu b\u0119d\u0105 wy\u0142\u0105czone, natomiast wszystkie kontaktrony b\u0119d\u0105 aktywne, tak aby alarm w\u0142\u0105czy\u0142 si\u0119 podczas pr\u00f3by otworzenia okien lub drzwi, czy te\u017c w\u0142amania np. do gara\u017cu znajduj\u0105cego si\u0119 przy domu. Dodatkowo podczas snu- posiadaj\u0105c dom mo\u017cesz zabezpieczy\u0107 ca\u0142y parter podczas, gdy g\u00f3ra domu jest rozbrojona i pozwala na swobodne przemieszczanie si\u0119.<\/p>\n<p>&nbsp;<\/p>\n<p><img loading=\"lazy\" decoding=\"async\" class=\"aligncenter wp-image-1338 size-full\" src=\"https:\/\/alarm-zone.pl\/wp-content\/uploads\/2024\/03\/TuyaSmartWi-FI5.webp\" alt=\"\" width=\"600\" height=\"379\" srcset=\"https:\/\/alarm-zone.pl\/wp-content\/uploads\/2024\/03\/TuyaSmartWi-FI5.webp 600w, https:\/\/alarm-zone.pl\/wp-content\/uploads\/2024\/03\/TuyaSmartWi-FI5-300x190.webp 300w\" sizes=\"(max-width: 600px) 100vw, 600px\" \/><\/p>\n<p>&nbsp;<\/p>\n<p><img loading=\"lazy\" decoding=\"async\" class=\"aligncenter wp-image-1339 size-full\" src=\"https:\/\/alarm-zone.pl\/wp-content\/uploads\/2024\/03\/TuyaSmartWi-FI6.webp\" alt=\"\" width=\"600\" height=\"599\" srcset=\"https:\/\/alarm-zone.pl\/wp-content\/uploads\/2024\/03\/TuyaSmartWi-FI6.webp 600w, https:\/\/alarm-zone.pl\/wp-content\/uploads\/2024\/03\/TuyaSmartWi-FI6-300x300.webp 300w, https:\/\/alarm-zone.pl\/wp-content\/uploads\/2024\/03\/TuyaSmartWi-FI6-150x150.webp 150w, https:\/\/alarm-zone.pl\/wp-content\/uploads\/2024\/03\/TuyaSmartWi-FI6-100x100.webp 100w\" sizes=\"(max-width: 600px) 100vw, 600px\" \/><\/p>\n<p>&nbsp;<\/p>\n<p><img loading=\"lazy\" decoding=\"async\" class=\"aligncenter wp-image-1340 size-full\" src=\"https:\/\/alarm-zone.pl\/wp-content\/uploads\/2024\/03\/TuyaSmartWi-FI7.webp\" alt=\"\" width=\"600\" height=\"600\" srcset=\"https:\/\/alarm-zone.pl\/wp-content\/uploads\/2024\/03\/TuyaSmartWi-FI7.webp 600w, https:\/\/alarm-zone.pl\/wp-content\/uploads\/2024\/03\/TuyaSmartWi-FI7-300x300.webp 300w, https:\/\/alarm-zone.pl\/wp-content\/uploads\/2024\/03\/TuyaSmartWi-FI7-150x150.webp 150w, https:\/\/alarm-zone.pl\/wp-content\/uploads\/2024\/03\/TuyaSmartWi-FI7-100x100.webp 100w\" sizes=\"(max-width: 600px) 100vw, 600px\" \/><\/p>\n<p><strong>ZESTAW ALARMOWY ZAWIERA:<\/strong><\/p>\n<p>&#8211; 1x Centrala alarmowa P70 4G LoRa<\/p>\n<p>&#8211; 1x Zestaw monta\u017cowy ,<\/p>\n<p>&#8211; 1x Zasilacz 5v z kablem zasilaj\u0105cym,<\/p>\n<p>&#8211; 1x Z\u0142\u0105cza do czujnik\u00f3w przewodowych.<\/p>\n<p>&nbsp;<\/p>\n<p><strong>Dane techniczne:<\/strong><\/p>\n<p><img loading=\"lazy\" decoding=\"async\" class=\"aligncenter wp-image-1341 size-full\" src=\"https:\/\/alarm-zone.pl\/wp-content\/uploads\/2024\/03\/TuyaSmartWi-FI8.webp\" alt=\"\" width=\"600\" height=\"300\" srcset=\"https:\/\/alarm-zone.pl\/wp-content\/uploads\/2024\/03\/TuyaSmartWi-FI8.webp 600w, https:\/\/alarm-zone.pl\/wp-content\/uploads\/2024\/03\/TuyaSmartWi-FI8-300x150.webp 300w\" sizes=\"(max-width: 600px) 100vw, 600px\" \/><\/p>\n<p>&nbsp;<\/p>\n<p><strong>1 X Centrala Wi-Fi\/GSM:<\/strong><\/p>\n<ul>\n<li>Model: P70-4G LoRa<\/li>\n<li>LTE-FDD B1\/B3\/B5\/B7\/B8\/B20<br \/>\nGSM\/GPRS\/EDGE 900\/1800 MHz<\/li>\n<li>Zasilanie: DC 5V<\/li>\n<li>Pob\u00f3r pr\u0105du:\u00a05W<\/li>\n<li>Cz\u0119stotliwo\u015b\u0107: 433MHz<\/li>\n<li>Kodowanie: LoRa<\/li>\n<li>WiFi: IEEE802.11b\/g\/n<\/li>\n<li>Bateria: 3.7V 5000mAh &#8211; do 24 h potrzymania !<\/li>\n<li>Materia\u0142: ABS<\/li>\n<li>Zakres temperatur pracy:\u00a0-10 C~ +55*C<\/li>\n<li>Wilgotno\u015b\u0107: \u226480%RH<\/li>\n<li>Rozmiar: 183x135x18 mm<\/li>\n<li>Kolor: Czarno-bia\u0142y<\/li>\n<\/ul>\n<p><a href=\"https:\/\/alarm-zone.pl\/wp-content\/uploads\/2025\/06\/lora-panel.jpg\"><img loading=\"lazy\" decoding=\"async\" class=\"wp-image-3060 size-full aligncenter\" src=\"https:\/\/alarm-zone.pl\/wp-content\/uploads\/2025\/06\/lora-panel.jpg\" alt=\"\" width=\"600\" height=\"600\" srcset=\"https:\/\/alarm-zone.pl\/wp-content\/uploads\/2025\/06\/lora-panel.jpg 600w, https:\/\/alarm-zone.pl\/wp-content\/uploads\/2025\/06\/lora-panel-300x300.jpg 300w, https:\/\/alarm-zone.pl\/wp-content\/uploads\/2025\/06\/lora-panel-150x150.jpg 150w, https:\/\/alarm-zone.pl\/wp-content\/uploads\/2025\/06\/lora-panel-100x100.jpg 100w\" sizes=\"(max-width: 600px) 100vw, 600px\" \/><\/a><\/p>\n<p>&nbsp;<\/p>\n<p style=\"text-align: center;\"><a href=\"https:\/\/alarm-zone.pl\/wp-content\/uploads\/2025\/06\/LORA-ROZNICA.jpg\"><img loading=\"lazy\" decoding=\"async\" class=\"alignnone wp-image-3063 size-full\" src=\"https:\/\/alarm-zone.pl\/wp-content\/uploads\/2025\/06\/LORA-ROZNICA.jpg\" alt=\"\" width=\"823\" height=\"828\" srcset=\"https:\/\/alarm-zone.pl\/wp-content\/uploads\/2025\/06\/LORA-ROZNICA.jpg 823w, https:\/\/alarm-zone.pl\/wp-content\/uploads\/2025\/06\/LORA-ROZNICA-298x300.jpg 298w, https:\/\/alarm-zone.pl\/wp-content\/uploads\/2025\/06\/LORA-ROZNICA-150x150.jpg 150w, https:\/\/alarm-zone.pl\/wp-content\/uploads\/2025\/06\/LORA-ROZNICA-768x773.jpg 768w, https:\/\/alarm-zone.pl\/wp-content\/uploads\/2025\/06\/LORA-ROZNICA-600x604.jpg 600w, https:\/\/alarm-zone.pl\/wp-content\/uploads\/2025\/06\/LORA-ROZNICA-100x100.jpg 100w\" sizes=\"(max-width: 823px) 100vw, 823px\" \/><\/a><\/p>\n<p><a href=\"https:\/\/alarm-zone.pl\/wp-content\/uploads\/2025\/06\/Lora-zalety.jpg\"><img loading=\"lazy\" decoding=\"async\" class=\"alignnone wp-image-3065 size-full\" src=\"https:\/\/alarm-zone.pl\/wp-content\/uploads\/2025\/06\/Lora-zalety.jpg\" alt=\"\" width=\"844\" height=\"826\" srcset=\"https:\/\/alarm-zone.pl\/wp-content\/uploads\/2025\/06\/Lora-zalety.jpg 844w, https:\/\/alarm-zone.pl\/wp-content\/uploads\/2025\/06\/Lora-zalety-300x294.jpg 300w, https:\/\/alarm-zone.pl\/wp-content\/uploads\/2025\/06\/Lora-zalety-768x752.jpg 768w, https:\/\/alarm-zone.pl\/wp-content\/uploads\/2025\/06\/Lora-zalety-600x587.jpg 600w\" sizes=\"(max-width: 844px) 100vw, 844px\" \/><\/a><\/p>\n<p><img loading=\"lazy\" decoding=\"async\" class=\"aligncenter wp-image-1347 size-full\" src=\"https:\/\/alarm-zone.pl\/wp-content\/uploads\/2024\/03\/TuyaSmartWi-Fi24.webp\" alt=\"\" width=\"600\" height=\"462\" srcset=\"https:\/\/alarm-zone.pl\/wp-content\/uploads\/2024\/03\/TuyaSmartWi-Fi24.webp 600w, https:\/\/alarm-zone.pl\/wp-content\/uploads\/2024\/03\/TuyaSmartWi-Fi24-300x231.webp 300w\" sizes=\"(max-width: 600px) 100vw, 600px\" \/><\/p>\n<p>&nbsp;<\/p>\n<p>&nbsp;<\/p>\n<p>&nbsp;<\/p>\n<p>&nbsp;<\/p>\n<p>&nbsp;<\/p>\n<p>&nbsp;<\/p>\n<p style=\"text-align: center;\"><strong>ZESTAW ALARMOWY &#8211; UNBOXING<\/strong><\/p>\n<p><iframe title=\"Najlepszy zestaw alarmowy Tuya Smart P70 -4G\/LTE. Unboxing\" width=\"1240\" height=\"698\" src=\"https:\/\/www.youtube.com\/embed\/Y5sgDbU9GB8?feature=oembed&#038;enablejsapi=1&#038;origin=https:\/\/alarm-zone.pl\" frameborder=\"0\" allow=\"accelerometer; autoplay; clipboard-write; encrypted-media; gyroscope; picture-in-picture; web-share\" referrerpolicy=\"strict-origin-when-cross-origin\" allowfullscreen><\/iframe><\/p>\n<p>&nbsp;<\/p>\n<p style=\"text-align: center;\"><strong>FUNKCJONALNO\u015a\u0106\u00a0<\/strong><\/p>\n<p><iframe title=\"Najlepszy alarm w Europie - AlarmZone Tuya Smart P70-4G\/LTE.  Film instrukta\u017cowy.\" width=\"1240\" height=\"698\" src=\"https:\/\/www.youtube.com\/embed\/UMQGnTKVN-U?feature=oembed&#038;enablejsapi=1&#038;origin=https:\/\/alarm-zone.pl\" frameborder=\"0\" allow=\"accelerometer; autoplay; clipboard-write; encrypted-media; gyroscope; picture-in-picture; web-share\" referrerpolicy=\"strict-origin-when-cross-origin\" allowfullscreen><\/iframe><\/p>\n<p>&nbsp;<\/p>\n<p style=\"text-align: center;\"><strong>DODAWANIE CZUJNIK\u00d3W<\/strong><\/p>\n<p><iframe title=\"Zestaw alarmowy Tuya Smart 4G LTE - dodawanie czujnik\u00f3w\" width=\"1240\" height=\"698\" src=\"https:\/\/www.youtube.com\/embed\/fbaf7n7BKe0?feature=oembed&#038;enablejsapi=1&#038;origin=https:\/\/alarm-zone.pl\" frameborder=\"0\" allow=\"accelerometer; autoplay; clipboard-write; encrypted-media; gyroscope; picture-in-picture; web-share\" referrerpolicy=\"strict-origin-when-cross-origin\" allowfullscreen><\/iframe><\/p>\n<p>&nbsp;<\/p>\n<p style=\"text-align: center;\"><strong>\u0141\u0104CZENIE Z BEZPRZEWODOW\u0104 SYREN\u0104<\/strong><\/p>\n<p><iframe title=\"Zestaw alarmowy Tuya Smart P70+4G\/LTE - \u0142\u0105cznie z syren\u0105 zewn\u0119trzn\u0105 i wewn\u0119trzn\u0105.\" width=\"1240\" height=\"698\" src=\"https:\/\/www.youtube.com\/embed\/XKsNEljis98?feature=oembed&#038;enablejsapi=1&#038;origin=https:\/\/alarm-zone.pl\" frameborder=\"0\" allow=\"accelerometer; autoplay; clipboard-write; encrypted-media; gyroscope; picture-in-picture; web-share\" referrerpolicy=\"strict-origin-when-cross-origin\" allowfullscreen><\/iframe><\/p>\n<p>&nbsp;<\/p>\n<p>&nbsp;<\/p>\n","protected":false},"excerpt":{"rendered":"<ul>\n<li>\n<h6>Darmowa dostawa<\/h6>\n<\/li>\n<li>\n<h6>Wysy\u0142ka w 24h<\/h6>\n<\/li>\n<\/ul>\n","protected":false},"featured_media":3060,"comment_status":"open","ping_status":"closed","template":"","meta":[],"product_brand":[],"product_cat":[41,40],"product_tag":[51,83,84],"class_list":{"0":"post-3053","1":"product","2":"type-product","3":"status-publish","4":"has-post-thumbnail","6":"product_cat-detektory-czujniki-piloty-syreny-itp","7":"product_cat-zestawy-alarmowe-wi-fi-gsm-smart-dom","8":"product_tag-alarm","9":"product_tag-tuya-smart","10":"product_tag-zestaw-alarmowy","11":"product_shipping_class-darmowa-wysylka","13":"first","14":"instock","15":"featured","16":"taxable","17":"shipping-taxable","18":"purchasable","19":"product-type-simple"},"_links":{"self":[{"href":"https:\/\/alarm-zone.pl\/index.php\/wp-json\/wp\/v2\/product\/3053","targetHints":{"allow":["GET"]}}],"collection":[{"href":"https:\/\/alarm-zone.pl\/index.php\/wp-json\/wp\/v2\/product"}],"about":[{"href":"https:\/\/alarm-zone.pl\/index.php\/wp-json\/wp\/v2\/types\/product"}],"replies":[{"embeddable":true,"href":"https:\/\/alarm-zone.pl\/index.php\/wp-json\/wp\/v2\/comments?post=3053"}],"wp:featuredmedia":[{"embeddable":true,"href":"https:\/\/alarm-zone.pl\/index.php\/wp-json\/wp\/v2\/media\/3060"}],"wp:attachment":[{"href":"https:\/\/alarm-zone.pl\/index.php\/wp-json\/wp\/v2\/media?parent=3053"}],"wp:term":[{"taxonomy":"product_brand","embeddable":true,"href":"https:\/\/alarm-zone.pl\/index.php\/wp-json\/wp\/v2\/product_brand?post=3053"},{"taxonomy":"product_cat","embeddable":true,"href":"https:\/\/alarm-zone.pl\/index.php\/wp-json\/wp\/v2\/product_cat?post=3053"},{"taxonomy":"product_tag","embeddable":true,"href":"https:\/\/alarm-zone.pl\/index.php\/wp-json\/wp\/v2\/product_tag?post=3053"}],"curies":[{"name":"wp","href":"https:\/\/api.w.org\/{rel}","templated":true}]}}